{"id":345,"date":"2024-03-13T09:59:29","date_gmt":"2024-03-13T09:59:29","guid":{"rendered":"https:\/\/clinicaginecologicamoratalla.com\/?page_id=345"},"modified":"2024-03-21T15:14:25","modified_gmt":"2024-03-21T15:14:25","slug":"politica-de-privacidad","status":"publish","type":"page","link":"https:\/\/clinicaginecologicamoratalla.com\/index.php\/politica-de-privacidad\/","title":{"rendered":"Pol\u00edtica de privacidad"},"content":{"rendered":"\n<p>El Reglamento general de protecci\u00f3n de datos proporciona un marco modernizado y basado en la rendici\u00f3n de cuentas para la protecci\u00f3n de los datos en Europa.<br>En tal sentido, el art\u00edculo 12 del RGPD, bajo el ep\u00edgrafe &#8216;Transparencia de la informaci\u00f3n, comunicaci\u00f3n y modalidades de ejercicio de los derechos del interesado&#8217;, establece lo siguiente en su apartado 1:<br>El responsable del tratamiento tomar\u00e1 las medidas oportunas para facilitar al interesado toda informaci\u00f3n indicada en los art\u00edculos 13 y 14, as\u00ed como cualquier comunicaci\u00f3n con arreglo a los art\u00edculos 15 a 22 y 34 relativas al tratamiento, en forma concisa, transparente, inteligible y de f\u00e1cil acceso, con un<br>lenguaje claro y sencillo, en particular cualquier informaci\u00f3n dirigida espec\u00edficamente a un ni\u00f1o. La informaci\u00f3n ser\u00e1 facilitada por escrito o por otros medios, inclusive, si procede, por medios electr\u00f3nicos. Cuando lo solicite el interesado, la informaci\u00f3n podr\u00e1 facilitarse verbalmente siempre que se demuestre la identidad del interesado por otros medios.<br>Para hacer compatible la mayor exigencia de informaci\u00f3n que introduce el RGPD y la concisi\u00f3n y comprensi\u00f3n en la forma de presentarla, desde las Autoridades de Protecci\u00f3n de Datos se recomienda adoptar un modelo de informaci\u00f3n por capas o niveles. <\/p>\n\n\n\n<p><\/p>\n\n\n\n<p>El enfoque de informaci\u00f3n multinivel consiste en lo<br>siguiente:<\/p>\n\n\n\n<ul>\n<li>Presentar una informaci\u00f3n b\u00e1sica en un primer nivel, de forma resumida, en el mismo momento y en el mismo medio en que se recojan los datos.<\/li>\n\n\n\n<li>Remitir a la informaci\u00f3n adicional en un segundo nivel, donde se presentar\u00e1n detalladamente el resto de las informaciones, en un medio m\u00e1s adecuado para su presentaci\u00f3n, comprensi\u00f3n y, si se desea, archivo.<br>La presente Pol\u00edtica de Privacidad se elabora siguiendo las citadas directrices.<br>Texto a trav\u00e9s del cual la entidad informa a todas las personas (usuarias o no de la p\u00e1gina web) de su compromiso con el cumplimiento de la normativa de protecci\u00f3n de datos personales. Esta informaci\u00f3n deber\u00e1 facilitarse a trav\u00e9s de un enlace disponible en la p\u00e1gina web, bajo la denominaci\u00f3n &#8216;COMPROMISO CON LA PROTECCI\u00d3N DE DATOS<br>PERSONALES&#8217;. Dicho enlace deber\u00e1 estar disponible, preferiblemente, en la parte de arriba de la p\u00e1gina web, para facilitar su visibilidad y accesibilidad.<\/li>\n<\/ul>\n\n\n\n<p><\/p>\n\n\n\n<ul>\n<li>Informaci\u00f3n sobre las cookies empleadas en la p\u00e1gina web, con la finalidad de dar cumplimiento con el art\u00edculo 22 de la Ley de Servicios de la Sociedad de la Informaci\u00f3n, as\u00ed como con<br>los principios de informaci\u00f3n y consentimiento recogidos en el Reglamento general de protecci\u00f3n de datos. Para hacer compatible la mayor exigencia de informaci\u00f3n que introduce el RGPD y la concisi\u00f3n y comprensi\u00f3n en la forma de presentarla, desde las Autoridades de Protecci\u00f3n de Datos se recomienda adoptar un modelo de informaci\u00f3n por capas o niveles. El enfoque de informaci\u00f3n multinivel consiste en lo siguiente:<\/li>\n\n\n\n<li>Presentar una informaci\u00f3n b\u00e1sica en un primer nivel, de forma resumida, en el mismo momento y en el mismo medio en que se recojan los datos.<\/li>\n\n\n\n<li>Remitir a la informaci\u00f3n adicional en un segundo nivel, donde se presentar\u00e1n detalladamente el resto de las informaciones, en un medio m\u00e1s adecuado para su presentaci\u00f3n, comprensi\u00f3n y, si se desea, archivo. La presente Pol\u00edtica de cookies se elabora siguiendo las citadas directrices<\/li>\n<\/ul>\n","protected":false},"excerpt":{"rendered":"<p>El Reglamento general de protecci\u00f3n de datos proporciona un marco modernizado y basado en la rendici\u00f3n de cuentas para la protecci\u00f3n de los datos en Europa.En tal sentido, el art\u00edculo 12 del RGPD, bajo el ep\u00edgrafe &#8216;Transparencia de la informaci\u00f3n, comunicaci\u00f3n y modalidades de ejercicio de los derechos del interesado&#8217;, establece lo siguiente en su [&hellip;]<\/p>\n","protected":false},"author":1,"featured_media":0,"parent":0,"menu_order":0,"comment_status":"closed","ping_status":"closed","template":"","meta":{"footnotes":""},"_links":{"self":[{"href":"https:\/\/clinicaginecologicamoratalla.com\/index.php\/wp-json\/wp\/v2\/pages\/345"}],"collection":[{"href":"https:\/\/clinicaginecologicamoratalla.com\/index.php\/wp-json\/wp\/v2\/pages"}],"about":[{"href":"https:\/\/clinicaginecologicamoratalla.com\/index.php\/wp-json\/wp\/v2\/types\/page"}],"author":[{"embeddable":true,"href":"https:\/\/clinicaginecologicamoratalla.com\/index.php\/wp-json\/wp\/v2\/users\/1"}],"replies":[{"embeddable":true,"href":"https:\/\/clinicaginecologicamoratalla.com\/index.php\/wp-json\/wp\/v2\/comments?post=345"}],"version-history":[{"count":3,"href":"https:\/\/clinicaginecologicamoratalla.com\/index.php\/wp-json\/wp\/v2\/pages\/345\/revisions"}],"predecessor-version":[{"id":1180,"href":"https:\/\/clinicaginecologicamoratalla.com\/index.php\/wp-json\/wp\/v2\/pages\/345\/revisions\/1180"}],"wp:attachment":[{"href":"https:\/\/clinicaginecologicamoratalla.com\/index.php\/wp-json\/wp\/v2\/media?parent=345"}],"curies":[{"name":"wp","href":"https:\/\/api.w.org\/{rel}","templated":true}]}}